{"id":8067,"date":"2019-02-10T11:15:00","date_gmt":"2019-02-10T08:15:00","guid":{"rendered":"https:\/\/diysound.eu\/?page_id=8067"},"modified":"2023-08-09T15:13:52","modified_gmt":"2023-08-09T12:13:52","slug":"meklesanas-rezultati","status":"publish","type":"page","link":"https:\/\/soundofeden.eu\/lv\/meklesanas-rezultati\/","title":{"rendered":"Mekl\u0113\u0161anas rezult\u0101ti"},"content":{"rendered":"<section class=\"l-section wpb_row height_medium\"><div class=\"l-section-h i-cf\"><div class=\"g-cols vc_row via_flex valign_top type_default stacking_default\"><div class=\"vc_col-sm-12 wpb_column vc_column_container\"><div class=\"vc_column-inner\"><div class=\"wpb_wrapper\"><\/div><\/div><\/div><\/div><\/div><\/section>\n","protected":false},"excerpt":{"rendered":"","protected":false},"author":1,"featured_media":0,"parent":0,"menu_order":0,"comment_status":"closed","ping_status":"closed","template":"","meta":{"footnotes":""},"class_list":["post-8067","page","type-page","status-publish","hentry"],"_links":{"self":[{"href":"https:\/\/soundofeden.eu\/lv\/wp-json\/wp\/v2\/pages\/8067","targetHints":{"allow":["GET"]}}],"collection":[{"href":"https:\/\/soundofeden.eu\/lv\/wp-json\/wp\/v2\/pages"}],"about":[{"href":"https:\/\/soundofeden.eu\/lv\/wp-json\/wp\/v2\/types\/page"}],"author":[{"embeddable":true,"href":"https:\/\/soundofeden.eu\/lv\/wp-json\/wp\/v2\/users\/1"}],"replies":[{"embeddable":true,"href":"https:\/\/soundofeden.eu\/lv\/wp-json\/wp\/v2\/comments?post=8067"}],"version-history":[{"count":3,"href":"https:\/\/soundofeden.eu\/lv\/wp-json\/wp\/v2\/pages\/8067\/revisions"}],"predecessor-version":[{"id":8557,"href":"https:\/\/soundofeden.eu\/lv\/wp-json\/wp\/v2\/pages\/8067\/revisions\/8557"}],"wp:attachment":[{"href":"https:\/\/soundofeden.eu\/lv\/wp-json\/wp\/v2\/media?parent=8067"}],"curies":[{"name":"wp","href":"https:\/\/api.w.org\/{rel}","templated":true}]}}