{"id":8044,"date":"2023-05-22T15:35:18","date_gmt":"2023-05-22T12:35:18","guid":{"rendered":"https:\/\/diysound.eu\/?page_id=8044"},"modified":"2023-08-09T14:53:00","modified_gmt":"2023-08-09T11:53:00","slug":"q-a","status":"publish","type":"page","link":"https:\/\/soundofeden.eu\/lv\/q-a\/","title":{"rendered":"Q &#038; A"},"content":{"rendered":"<section class=\"l-section wpb_row height_medium color_primary\"><div class=\"l-section-h i-cf\"><div class=\"g-cols vc_row via_flex valign_top type_default stacking_default\"><div class=\"vc_col-sm-12 wpb_column vc_column_container\"><div class=\"vc_column-inner\"><div class=\"wpb_wrapper\"><div class=\"w-separator size_small\"><\/div><div class=\"wpb_text_column\"><div class=\"wpb_wrapper\"><div  class=\"ewd-ufaq-faq-list ewd-ufaq-page-type-distinct\" id='ewd-ufaq-faq-list'>\n\n\t<input type='hidden' name='show_on_load' value='' id='ewd-ufaq-show-on-load' \/>\n<input type='hidden' name='include_category' value='' id='ewd-ufaq-include-category' \/>\n<input type='hidden' name='exclude_category' value='' id='ewd-ufaq-exclude-category' \/>\n<input type='hidden' name='orderby' value='title' id='ewd-ufaq-orderby' \/>\n<input type='hidden' name='order' value='asc' id='ewd-ufaq-order' \/>\n<input type='hidden' name='post_count' value='-1' id='ewd-ufaq-post-count' \/>\n<input type='hidden' name='current_url' value='\/lv\/wp-json\/wp\/v2\/pages\/8044' id='ewd-ufaq-current-url' \/>\n\t\n\t\n\t<div class='ewd-ufaq-faqs'>\n\n\t\t<div  class=\"ewd-ufaq-faq-div ewd-ufaq-faq-column-count-one ewd-ufaq-faq-responsive-columns- ewd-ufaq-faq-display-style-default ewd-ufaq-can-be-toggled\" id='ewd-ufaq-post-7097-Mkx5CcoAN1' data-post_id='7097'>\n\n\t<div class='ewd-ufaq-faq-title ewd-ufaq-faq-toggle'>\n\t\n\t<a class='ewd-ufaq-post-margin'  href='#'>\n\n\t\t<div class='ewd-ufaq-post-margin-symbol ewd-ufaq-'>\n\t\t\t<span >A<\/span>\n\t\t<\/div>\n\n\t\t<div class='ewd-ufaq-faq-title-text'>\n\n\t\t\t<h4>\n\t\t\t\tK\u0101da at\u0161\u0137ir\u012bba ir J\u016bsu ska\u013cru\u0146u s\u0113rij\u0101s?\t\t\t<\/h4>\n\n\t\t<\/div>\n\n\t\t<div class='ewd-ufaq-clear'><\/div>\n\n\t<\/a>\n\t\n<\/div>\n\t\n\t<div class='ewd-ufaq-faq-body ' >\n\n\t\t\n\t\t\t\n\t\t\n\t\t\t<div class='ewd-ufaq-post-margin ewd-ufaq-faq-post'>\n\t<p>Komponentu kvalit\u0101te. Katr\u0101 s\u0113rij\u0101 m\u0113s izmantojam augst\u0101kas kvalit\u0101tes komponentes. Ska\u0146as dispersija, f\u0101zu l\u012bkne un telpiskums saglab\u0101jas. Ar\u012b m\u0113r\u012bjumi ir l\u012bdz\u012bgi, bet ska\u0146a ir piln\u012bgi cita. Ar katru n\u0101kamo produktu t\u0101 k\u013c\u016bst detaliz\u0113t\u0101ka, dinamisk\u0101ka un liel\u0101ka. To \u013coti labi raksturo m\u016bsu produktu nosaukumi \ud83d\ude42<\/p>\n<\/div>\n\t\t\n\t\t\t\n\t\t\n\t\t\t\n\t\t\n\t\t\t\n\t\t\n\t\t\t\n\t\t\n\t\t\t\n\t\t\n\t\t\t\n\t\t\n\t\t\t\n\t\t\n\t\t\t\n\t\t\n\t<\/div>\n\n<\/div>\n\t<\/div>\n\n\t\n<\/div><br \/>\n<div  class=\"ewd-ufaq-faq-list ewd-ufaq-page-type-distinct\" id='ewd-ufaq-faq-list'>\n\n\t<input type='hidden' name='show_on_load' value='' id='ewd-ufaq-show-on-load' \/>\n<input type='hidden' name='include_category' value='' id='ewd-ufaq-include-category' \/>\n<input type='hidden' name='exclude_category' value='' id='ewd-ufaq-exclude-category' \/>\n<input type='hidden' name='orderby' value='title' id='ewd-ufaq-orderby' \/>\n<input type='hidden' name='order' value='asc' id='ewd-ufaq-order' \/>\n<input type='hidden' name='post_count' value='-1' id='ewd-ufaq-post-count' \/>\n<input type='hidden' name='current_url' value='\/lv\/wp-json\/wp\/v2\/pages\/8044' id='ewd-ufaq-current-url' \/>\n\t\n\t\n\t<div class='ewd-ufaq-faqs'>\n\n\t\t<div  class=\"ewd-ufaq-faq-div ewd-ufaq-faq-column-count-one ewd-ufaq-faq-responsive-columns- ewd-ufaq-faq-display-style-default ewd-ufaq-can-be-toggled\" id='ewd-ufaq-post-7098-PYVaLehffK' data-post_id='7098'>\n\n\t<div class='ewd-ufaq-faq-title ewd-ufaq-faq-toggle'>\n\t\n\t<a class='ewd-ufaq-post-margin'  href='#'>\n\n\t\t<div class='ewd-ufaq-post-margin-symbol ewd-ufaq-'>\n\t\t\t<span >A<\/span>\n\t\t<\/div>\n\n\t\t<div class='ewd-ufaq-faq-title-text'>\n\n\t\t\t<h4>\n\t\t\t\tVai uz j\u016bsu skand\u0101m skan roks?\t\t\t<\/h4>\n\n\t\t<\/div>\n\n\t\t<div class='ewd-ufaq-clear'><\/div>\n\n\t<\/a>\n\t\n<\/div>\n\t\n\t<div class='ewd-ufaq-faq-body ' >\n\n\t\t\n\t\t\t\n\t\t\n\t\t\t<div class='ewd-ufaq-post-margin ewd-ufaq-faq-post'>\n\t<p>Pateicoties tam, ka konstrukcij\u0101 ir izpild\u012bti visi nepiecie\u0161amie nosac\u012bjumi un skandai ir pievienots pastiprin\u0101t\u0101js ar tai nepiecie\u0161amo jaudu lieliski skan piln\u012bgi visi m\u016bzikas \u017eanri. Bet \u012bpa\u0161i labi t\u0101da dinamiska m\u016bzika k\u0101 roks, simfoniskais or\u0137estris un ar\u012b vok\u0101ls.<\/p>\n<\/div>\n\t\t\n\t\t\t\n\t\t\n\t\t\t\n\t\t\n\t\t\t\n\t\t\n\t\t\t\n\t\t\n\t\t\t\n\t\t\n\t\t\t\n\t\t\n\t\t\t\n\t\t\n\t\t\t\n\t\t\n\t<\/div>\n\n<\/div>\n\t<\/div>\n\n\t\n<\/div><br \/>\n<div  class=\"ewd-ufaq-faq-list ewd-ufaq-page-type-distinct\" id='ewd-ufaq-faq-list'>\n\n\t<input type='hidden' name='show_on_load' value='' id='ewd-ufaq-show-on-load' \/>\n<input type='hidden' name='include_category' value='' id='ewd-ufaq-include-category' \/>\n<input type='hidden' name='exclude_category' value='' id='ewd-ufaq-exclude-category' \/>\n<input type='hidden' name='orderby' value='title' id='ewd-ufaq-orderby' \/>\n<input type='hidden' name='order' value='asc' id='ewd-ufaq-order' \/>\n<input type='hidden' name='post_count' value='-1' id='ewd-ufaq-post-count' \/>\n<input type='hidden' name='current_url' value='\/lv\/wp-json\/wp\/v2\/pages\/8044' id='ewd-ufaq-current-url' \/>\n\t\n\t\n\t<div class='ewd-ufaq-faqs'>\n\n\t\t<div  class=\"ewd-ufaq-faq-div ewd-ufaq-faq-column-count-one ewd-ufaq-faq-responsive-columns- ewd-ufaq-faq-display-style-default ewd-ufaq-can-be-toggled\" id='ewd-ufaq-post-7099-gcmlohEeR6' data-post_id='7099'>\n\n\t<div class='ewd-ufaq-faq-title ewd-ufaq-faq-toggle'>\n\t\n\t<a class='ewd-ufaq-post-margin'  href='#'>\n\n\t\t<div class='ewd-ufaq-post-margin-symbol ewd-ufaq-'>\n\t\t\t<span >A<\/span>\n\t\t<\/div>\n\n\t\t<div class='ewd-ufaq-faq-title-text'>\n\n\t\t\t<h4>\n\t\t\t\tVai es varu izmantot Lampu pastiprin\u0101t\u0101ju ar J\u016bsu skand\u0101m?\t\t\t<\/h4>\n\n\t\t<\/div>\n\n\t\t<div class='ewd-ufaq-clear'><\/div>\n\n\t<\/a>\n\t\n<\/div>\n\t\n\t<div class='ewd-ufaq-faq-body ' >\n\n\t\t\n\t\t\t\n\t\t\n\t\t\t<div class='ewd-ufaq-post-margin ewd-ufaq-faq-post'>\n\t<p>M\u0113s nerekomend\u0113jam izmantot lampu pastiprin\u0101t\u0101jus ar m\u016bsu skand\u0101m. To nepietiekam\u0101 jauda, augstais THD l\u012bmenis, mazs dempinga faktors un slikt\u0101 basa kontrole ir pretrun\u0101 ar m\u016bsu skandu konstrukciju un ska\u0146as izpratni par izcilu ska\u0146u.<\/p>\n<\/div>\n\t\t\n\t\t\t\n\t\t\n\t\t\t\n\t\t\n\t\t\t\n\t\t\n\t\t\t\n\t\t\n\t\t\t\n\t\t\n\t\t\t\n\t\t\n\t\t\t\n\t\t\n\t\t\t\n\t\t\n\t<\/div>\n\n<\/div>\n\t<\/div>\n\n\t\n<\/div><br \/>\n<div  class=\"ewd-ufaq-faq-list ewd-ufaq-page-type-distinct\" id='ewd-ufaq-faq-list'>\n\n\t<input type='hidden' name='show_on_load' value='' id='ewd-ufaq-show-on-load' \/>\n<input type='hidden' name='include_category' value='' id='ewd-ufaq-include-category' \/>\n<input type='hidden' name='exclude_category' value='' id='ewd-ufaq-exclude-category' \/>\n<input type='hidden' name='orderby' value='title' id='ewd-ufaq-orderby' \/>\n<input type='hidden' name='order' value='asc' id='ewd-ufaq-order' \/>\n<input type='hidden' name='post_count' value='-1' id='ewd-ufaq-post-count' \/>\n<input type='hidden' name='current_url' value='\/lv\/wp-json\/wp\/v2\/pages\/8044' id='ewd-ufaq-current-url' \/>\n\t\n\t\n\t<div class='ewd-ufaq-faqs'>\n\n\t\t<div  class=\"ewd-ufaq-faq-div ewd-ufaq-faq-column-count-one ewd-ufaq-faq-responsive-columns- ewd-ufaq-faq-display-style-default ewd-ufaq-can-be-toggled\" id='ewd-ufaq-post-7103-RPNSY15p5t' data-post_id='7103'>\n\n\t<div class='ewd-ufaq-faq-title ewd-ufaq-faq-toggle'>\n\t\n\t<a class='ewd-ufaq-post-margin'  href='#'>\n\n\t\t<div class='ewd-ufaq-post-margin-symbol ewd-ufaq-'>\n\t\t\t<span >A<\/span>\n\t\t<\/div>\n\n\t\t<div class='ewd-ufaq-faq-title-text'>\n\n\t\t\t<h4>\n\t\t\t\tK\u0101da pastiprin\u0101t\u0101ja jauda ir nepiecie\u0161ama J\u016bsu skand\u0101m?\t\t\t<\/h4>\n\n\t\t<\/div>\n\n\t\t<div class='ewd-ufaq-clear'><\/div>\n\n\t<\/a>\n\t\n<\/div>\n\t\n\t<div class='ewd-ufaq-faq-body ' >\n\n\t\t\n\t\t\t\n\t\t\n\t\t\t<div class='ewd-ufaq-post-margin ewd-ufaq-faq-post'>\n\t<p>Nepiecie\u0161amo pastiprin\u0101t\u0101ja jaudu liel\u0101 m\u0113r\u0101 nosaka ska\u013cru\u0146i un krosovers. M\u0113s cen\u0161amies ieg\u016bt lab\u0101ku ska\u0146u un risin\u0101jums ir vienk\u0101r\u0161s \u2013 jauda. M\u0113s iesak\u0101m izmantot pastiprin\u0101t\u0101jus ar vismaz 250w 4 omos lelu jaudu. J\u016bs b\u016bsiet p\u0101rsteigti dzirdot k\u0101 skan pareizi konstru\u0113tas skandas ar \u0161\u0101das jaudas pastiprin\u0101t\u0101jiem.<\/p>\n<\/div>\n\t\t\n\t\t\t\n\t\t\n\t\t\t\n\t\t\n\t\t\t\n\t\t\n\t\t\t\n\t\t\n\t\t\t\n\t\t\n\t\t\t\n\t\t\n\t\t\t\n\t\t\n\t\t\t\n\t\t\n\t<\/div>\n\n<\/div>\n\t<\/div>\n\n\t\n<\/div><br \/>\n<div  class=\"ewd-ufaq-faq-list ewd-ufaq-page-type-distinct\" id='ewd-ufaq-faq-list'>\n\n\t<input type='hidden' name='show_on_load' value='' id='ewd-ufaq-show-on-load' \/>\n<input type='hidden' name='include_category' value='' id='ewd-ufaq-include-category' \/>\n<input type='hidden' name='exclude_category' value='' id='ewd-ufaq-exclude-category' \/>\n<input type='hidden' name='orderby' value='title' id='ewd-ufaq-orderby' \/>\n<input type='hidden' name='order' value='asc' id='ewd-ufaq-order' \/>\n<input type='hidden' name='post_count' value='-1' id='ewd-ufaq-post-count' \/>\n<input type='hidden' name='current_url' value='\/lv\/wp-json\/wp\/v2\/pages\/8044' id='ewd-ufaq-current-url' \/>\n\t\n\t\n\t<div class='ewd-ufaq-faqs'>\n\n\t\t<div  class=\"ewd-ufaq-faq-div ewd-ufaq-faq-column-count-one ewd-ufaq-faq-responsive-columns- ewd-ufaq-faq-display-style-default ewd-ufaq-can-be-toggled\" id='ewd-ufaq-post-7104-MWoP8CTFJJ' data-post_id='7104'>\n\n\t<div class='ewd-ufaq-faq-title ewd-ufaq-faq-toggle'>\n\t\n\t<a class='ewd-ufaq-post-margin'  href='#'>\n\n\t\t<div class='ewd-ufaq-post-margin-symbol ewd-ufaq-'>\n\t\t\t<span >A<\/span>\n\t\t<\/div>\n\n\t\t<div class='ewd-ufaq-faq-title-text'>\n\n\t\t\t<h4>\n\t\t\t\tKas ir pas\u012bvie radiatori? K\u0101p\u0113c j\u016bs tos izmantojat?\t\t\t<\/h4>\n\n\t\t<\/div>\n\n\t\t<div class='ewd-ufaq-clear'><\/div>\n\n\t<\/a>\n\t\n<\/div>\n\t\n\t<div class='ewd-ufaq-faq-body ' >\n\n\t\t\n\t\t\t\n\t\t\n\t\t\t<div class='ewd-ufaq-post-margin ewd-ufaq-faq-post'>\n\t<p>Pas\u012bvie radiatori ir ska\u013cru\u0146a membr\u0101na bez magn\u0113ta un spoles. T\u0101 br\u012bvi kust\u0101s un izmanto ska\u013cru\u0146a rad\u012bt\u0101s sv\u0101rst\u012bbas. Ir divi iemesli k\u0101p\u0113c m\u0113s tos izmantojam. Pirmk\u0101rt pas\u012bvais radiators rada daudz maz\u0101ku frekven\u010du spektra pieska\u0146u nek\u0101 f\u0101zu invertors un tas dod \u00a0kvalitat\u012bv\u0101ku skan\u0113jumu. Otrk\u0101rt, mums ir nepiecie\u0161ams maz\u0101ks korpuss lai ieg\u016btu kvalitat\u012bvu un pietiekami zemu basu.<\/p>\n<\/div>\n\t\t\n\t\t\t\n\t\t\n\t\t\t\n\t\t\n\t\t\t\n\t\t\n\t\t\t\n\t\t\n\t\t\t\n\t\t\n\t\t\t\n\t\t\n\t\t\t\n\t\t\n\t\t\t\n\t\t\n\t<\/div>\n\n<\/div>\n\t<\/div>\n\n\t\n<\/div><br \/>\n<div  class=\"ewd-ufaq-faq-list ewd-ufaq-page-type-distinct\" id='ewd-ufaq-faq-list'>\n\n\t<input type='hidden' name='show_on_load' value='' id='ewd-ufaq-show-on-load' \/>\n<input type='hidden' name='include_category' value='' id='ewd-ufaq-include-category' \/>\n<input type='hidden' name='exclude_category' value='' id='ewd-ufaq-exclude-category' \/>\n<input type='hidden' name='orderby' value='title' id='ewd-ufaq-orderby' \/>\n<input type='hidden' name='order' value='asc' id='ewd-ufaq-order' \/>\n<input type='hidden' name='post_count' value='-1' id='ewd-ufaq-post-count' \/>\n<input type='hidden' name='current_url' value='\/lv\/wp-json\/wp\/v2\/pages\/8044' id='ewd-ufaq-current-url' \/>\n\t\n\t\n\t<div class='ewd-ufaq-faqs'>\n\n\t\t<div  class=\"ewd-ufaq-faq-div ewd-ufaq-faq-column-count-one ewd-ufaq-faq-responsive-columns- ewd-ufaq-faq-display-style-default ewd-ufaq-can-be-toggled\" id='ewd-ufaq-post-7105-tNKlNTQxoz' data-post_id='7105'>\n\n\t<div class='ewd-ufaq-faq-title ewd-ufaq-faq-toggle'>\n\t\n\t<a class='ewd-ufaq-post-margin'  href='#'>\n\n\t\t<div class='ewd-ufaq-post-margin-symbol ewd-ufaq-'>\n\t\t\t<span >A<\/span>\n\t\t<\/div>\n\n\t\t<div class='ewd-ufaq-faq-title-text'>\n\n\t\t\t<h4>\n\t\t\t\tKas jums ir svar\u012bg\u0101ks \u2013 labs m\u0113r\u012bjums vai laba ska\u0146a? Vai tas ir saist\u012bts?\t\t\t<\/h4>\n\n\t\t<\/div>\n\n\t\t<div class='ewd-ufaq-clear'><\/div>\n\n\t<\/a>\n\t\n<\/div>\n\t\n\t<div class='ewd-ufaq-faq-body ' >\n\n\t\t\n\t\t\t\n\t\t\n\t\t\t<div class='ewd-ufaq-post-margin ewd-ufaq-faq-post'>\n\t<p>Tikai skandas ar pareiziem m\u0113r\u012bjumiem dod pareizu ska\u0146u. Bet vienk\u0101r\u0161i labs m\u0113r\u012bjums negarant\u0113 labu ska\u0146u, jo j\u0101iev\u0113ro v\u0113l citi b\u016btiski nosac\u012bjumi. M\u0113s cen\u0161amies atrast kompromisu un vair\u0101k uzman\u012bbas piev\u0113r\u0161am tiem parametriem kuri vistie\u0161\u0101k\u0101 veid\u0101 atst\u0101j ietekmi uz kop\u0113jo skan\u0113jumu.<\/p>\n<\/div>\n\t\t\n\t\t\t\n\t\t\n\t\t\t\n\t\t\n\t\t\t\n\t\t\n\t\t\t\n\t\t\n\t\t\t\n\t\t\n\t\t\t\n\t\t\n\t\t\t\n\t\t\n\t\t\t\n\t\t\n\t<\/div>\n\n<\/div>\n\t<\/div>\n\n\t\n<\/div><br \/>\n<div  class=\"ewd-ufaq-faq-list ewd-ufaq-page-type-distinct\" id='ewd-ufaq-faq-list'>\n\n\t<input type='hidden' name='show_on_load' value='' id='ewd-ufaq-show-on-load' \/>\n<input type='hidden' name='include_category' value='' id='ewd-ufaq-include-category' \/>\n<input type='hidden' name='exclude_category' value='' id='ewd-ufaq-exclude-category' \/>\n<input type='hidden' name='orderby' value='title' id='ewd-ufaq-orderby' \/>\n<input type='hidden' name='order' value='asc' id='ewd-ufaq-order' \/>\n<input type='hidden' name='post_count' value='-1' id='ewd-ufaq-post-count' \/>\n<input type='hidden' name='current_url' value='\/lv\/wp-json\/wp\/v2\/pages\/8044' id='ewd-ufaq-current-url' \/>\n\t\n\t\n\t<div class='ewd-ufaq-faqs'>\n\n\t\t<div  class=\"ewd-ufaq-faq-div ewd-ufaq-faq-column-count-one ewd-ufaq-faq-responsive-columns- ewd-ufaq-faq-display-style-default ewd-ufaq-can-be-toggled\" id='ewd-ufaq-post-7106-7GoNIjGHaP' data-post_id='7106'>\n\n\t<div class='ewd-ufaq-faq-title ewd-ufaq-faq-toggle'>\n\t\n\t<a class='ewd-ufaq-post-margin'  href='#'>\n\n\t\t<div class='ewd-ufaq-post-margin-symbol ewd-ufaq-'>\n\t\t\t<span >A<\/span>\n\t\t<\/div>\n\n\t\t<div class='ewd-ufaq-faq-title-text'>\n\n\t\t\t<h4>\n\t\t\t\tK\u0101 pareizi novietot j\u016bsu skandas?\t\t\t<\/h4>\n\n\t\t<\/div>\n\n\t\t<div class='ewd-ufaq-clear'><\/div>\n\n\t<\/a>\n\t\n<\/div>\n\t\n\t<div class='ewd-ufaq-faq-body ' >\n\n\t\t\n\t\t\t\n\t\t\n\t\t\t<div class='ewd-ufaq-post-margin ewd-ufaq-faq-post'>\n\t<p>Ide\u0101laj\u0101 gad\u012bjum\u0101 t\u0101m vajadz\u0113tu atrasties 75-100cm no vis\u0101m sien\u0101m. Starp tumb\u0101m iesak\u0101m 2,5m vai vair\u0101k. Ja att\u0101lums starp tumb\u0101m ir maz\u0101ks par 2 m, tad instrumentu lokaliz\u0101cija neb\u016bs tik izteikta, bet skatuves pla\u0161ums un telpiskais efekts b\u016bs maz\u0101ks. Skand\u0101m ir j\u0101b\u016bt nedaudz v\u0113rst\u0101m uz \u0101ru, lai veidotu pareizu stereo b\u0101zi.<\/p>\n<\/div>\n\t\t\n\t\t\t\n\t\t\n\t\t\t\n\t\t\n\t\t\t\n\t\t\n\t\t\t\n\t\t\n\t\t\t\n\t\t\n\t\t\t\n\t\t\n\t\t\t\n\t\t\n\t\t\t\n\t\t\n\t<\/div>\n\n<\/div>\n\t<\/div>\n\n\t\n<\/div>\n<\/div><\/div><\/div><\/div><\/div><\/div><\/div><\/section>\n","protected":false},"excerpt":{"rendered":"<p>A K\u0101 pareizi novietot j\u016bsu skandas? Ide\u0101laj\u0101 gad\u012bjum\u0101 t\u0101m vajadz\u0113tu atrasties 75-100cm no vis\u0101m sien\u0101m. Starp tumb\u0101m iesak\u0101m 2,5m vai vair\u0101k. Ja att\u0101lums starp tumb\u0101m ir maz\u0101ks par 2 m, tad instrumentu lokaliz\u0101cija neb\u016bs tik izteikta, bet skatuves pla\u0161ums un telpiskais efekts b\u016bs maz\u0101ks. Skand\u0101m ir j\u0101b\u016bt nedaudz v\u0113rst\u0101m uz \u0101ru, lai veidotu pareizu stereo&#8230;<\/p>\n","protected":false},"author":1,"featured_media":0,"parent":0,"menu_order":0,"comment_status":"closed","ping_status":"closed","template":"","meta":{"footnotes":""},"class_list":["post-8044","page","type-page","status-publish","hentry"],"_links":{"self":[{"href":"https:\/\/soundofeden.eu\/lv\/wp-json\/wp\/v2\/pages\/8044","targetHints":{"allow":["GET"]}}],"collection":[{"href":"https:\/\/soundofeden.eu\/lv\/wp-json\/wp\/v2\/pages"}],"about":[{"href":"https:\/\/soundofeden.eu\/lv\/wp-json\/wp\/v2\/types\/page"}],"author":[{"embeddable":true,"href":"https:\/\/soundofeden.eu\/lv\/wp-json\/wp\/v2\/users\/1"}],"replies":[{"embeddable":true,"href":"https:\/\/soundofeden.eu\/lv\/wp-json\/wp\/v2\/comments?post=8044"}],"version-history":[{"count":5,"href":"https:\/\/soundofeden.eu\/lv\/wp-json\/wp\/v2\/pages\/8044\/revisions"}],"predecessor-version":[{"id":8546,"href":"https:\/\/soundofeden.eu\/lv\/wp-json\/wp\/v2\/pages\/8044\/revisions\/8546"}],"wp:attachment":[{"href":"https:\/\/soundofeden.eu\/lv\/wp-json\/wp\/v2\/media?parent=8044"}],"curies":[{"name":"wp","href":"https:\/\/api.w.org\/{rel}","templated":true}]}}