{"id":8037,"date":"2023-06-02T12:17:33","date_gmt":"2023-06-02T09:17:33","guid":{"rendered":"https:\/\/diysound.eu\/?page_id=8037"},"modified":"2023-08-10T14:58:25","modified_gmt":"2023-08-10T11:58:25","slug":"filozofija","status":"publish","type":"page","link":"https:\/\/soundofeden.eu\/lv\/filozofija\/","title":{"rendered":"Filozofija"},"content":{"rendered":"<section class=\"l-section wpb_row height_auto width_full color_primary\"><div class=\"l-section-h i-cf\"><div class=\"g-cols vc_row via_flex valign_top type_default stacking_default\"><div class=\"vc_col-sm-6 wpb_column vc_column_container\"><div class=\"vc_column-inner\"><div class=\"wpb_wrapper\"><div class=\"w-image align_none\"><div url class=\"w-image-h\"><img loading=\"lazy\" decoding=\"async\" width=\"1024\" height=\"1024\" src=\"https:\/\/soundofeden.eu\/wp-content\/uploads\/2023\/06\/Our-philosophy.jpg\" class=\"attachment-large size-large\" alt=\"\" srcset=\"https:\/\/soundofeden.eu\/wp-content\/uploads\/2023\/06\/Our-philosophy.jpg 1024w, https:\/\/soundofeden.eu\/wp-content\/uploads\/2023\/06\/Our-philosophy-300x300.jpg 300w, https:\/\/soundofeden.eu\/wp-content\/uploads\/2023\/06\/Our-philosophy-150x150.jpg 150w, https:\/\/soundofeden.eu\/wp-content\/uploads\/2023\/06\/Our-philosophy-600x600.jpg 600w\" sizes=\"auto, (max-width: 1024px) 100vw, 1024px\" \/><\/div><\/div><\/div><\/div><\/div><div class=\"vc_col-sm-6 wpb_column vc_column_container\"><div class=\"vc_column-inner\"><div class=\"wpb_wrapper\"><div class=\"g-cols wpb_row via_flex valign_top type_boxes stacking_default\"><div class=\"vc_col-sm-10 wpb_column vc_column_container\"><div class=\"vc_column-inner\"><div class=\"wpb_wrapper\"><div class=\"wpb_text_column\"><div class=\"wpb_wrapper\"><h3><strong>M\u016bsu filozofija<\/strong><\/h3>\n<p>M\u0113s m\u012blam m\u016bziku. Tie\u0161i m\u016bziku nevis ska\u0146u. Jo ska\u0146a ir tikai l\u012bdzeklis lai baud\u012btu m\u016bziku. M\u016bzika ir emocijas kas liek just, baud\u012bt, smieties un raud\u0101t. Ta\u010du m\u016bzika bez ska\u0146as nepast\u0101v un tie\u0161i\u00a0 caur to m\u0113s gribam pieskarties netveramajai m\u016bzikas pasaulei. Paklausieties sev apk\u0101rt \u2013 dab\u0101 nav nevienas ska\u0146as kuru j\u016bs gribat analiz\u0113t. Vai t\u0101 ir putnu dziesma vai sac\u012bk\u0161u automa\u0161\u012bnu ska\u0146a \u2013 j\u016bs to vienk\u0101r\u0161i pie\u0146emat k\u0101 kaut ko pa\u0161saprotamu! Tie\u0161i \u0161\u0101du ska\u0146u m\u0113s cen\u0161amies rad\u012bt. Ska\u0146u, kas liek Jums aizmirst par visu un \u013cauties saj\u016bt\u0101m.<\/p>\n<p>M\u0113s ejam l\u012bdzi laikam un tehnolo\u0123iskajam progresam un lietas, kas liekas vienk\u0101r\u0161as, paties\u012bb\u0101 t\u0101das nemaz nav. M\u016bsupr\u0101t atsl\u0113ga sl\u0113pjas tie\u0161i s\u012bkumos un neatlaid\u012bb\u0101 un m\u0113s zin\u0101m, ka tikai pareizi izstr\u0101d\u0101ti produkti sp\u0113j sniegt Jums patiesu muzik\u0101lu baudu. T\u0101p\u0113c ar nerimsto\u0161u entuziasmu cen\u0161amies katr\u0101 sav\u0101 produkt\u0101 ielikt da\u013cu no savas ska\u0146as m\u012blest\u012bbas, lai t\u0101 k\u0101 liels un visaptvero\u0161s saj\u016btu vilnis p\u0101rv\u0113rstos M\u016aZIK\u0100!<\/p>\n<p>Latvija ir zeme, kur dzied\u0101\u0161ana un m\u016bzika ir ielikta \u0161\u016bpul\u012b katram. M\u016bsu m\u016bzikas uztvere tiek izkopta no agras b\u0113rn\u012bbas un m\u016bsu attiec\u012bbas ar ska\u0146u ir \u012bpa\u0161as. T\u0101p\u0113c m\u0113s ar lepnumu varam teikt \u2013 \u0161\u012b ir neliela da\u013ca Latvijas ska\u0146as, kuru m\u0113s gribam nest pasaul\u0113!<\/p>\n<\/div><\/div><\/div><\/div><\/div><div class=\"vc_col-sm-2 wpb_column vc_column_container\"><div class=\"vc_column-inner\"><div class=\"wpb_wrapper\"><\/div><\/div><\/div><\/div><\/div><\/div><\/div><\/div><\/div><\/section>\n","protected":false},"excerpt":{"rendered":"M\u016bsu filozofija M\u0113s m\u012blam m\u016bziku. Tie\u0161i m\u016bziku nevis ska\u0146u. Jo ska\u0146a ir tikai l\u012bdzeklis lai baud\u012btu m\u016bziku. M\u016bzika ir emocijas kas liek just, baud\u012bt, smieties un raud\u0101t. Ta\u010du m\u016bzika bez ska\u0146as nepast\u0101v un tie\u0161i\u00a0 caur to m\u0113s gribam pieskarties netveramajai m\u016bzikas pasaulei. Paklausieties sev apk\u0101rt \u2013 dab\u0101 nav nevienas ska\u0146as kuru j\u016bs gribat analiz\u0113t. Vai...","protected":false},"author":1,"featured_media":0,"parent":0,"menu_order":0,"comment_status":"closed","ping_status":"closed","template":"","meta":{"footnotes":""},"class_list":["post-8037","page","type-page","status-publish","hentry"],"_links":{"self":[{"href":"https:\/\/soundofeden.eu\/lv\/wp-json\/wp\/v2\/pages\/8037","targetHints":{"allow":["GET"]}}],"collection":[{"href":"https:\/\/soundofeden.eu\/lv\/wp-json\/wp\/v2\/pages"}],"about":[{"href":"https:\/\/soundofeden.eu\/lv\/wp-json\/wp\/v2\/types\/page"}],"author":[{"embeddable":true,"href":"https:\/\/soundofeden.eu\/lv\/wp-json\/wp\/v2\/users\/1"}],"replies":[{"embeddable":true,"href":"https:\/\/soundofeden.eu\/lv\/wp-json\/wp\/v2\/comments?post=8037"}],"version-history":[{"count":10,"href":"https:\/\/soundofeden.eu\/lv\/wp-json\/wp\/v2\/pages\/8037\/revisions"}],"predecessor-version":[{"id":8585,"href":"https:\/\/soundofeden.eu\/lv\/wp-json\/wp\/v2\/pages\/8037\/revisions\/8585"}],"wp:attachment":[{"href":"https:\/\/soundofeden.eu\/lv\/wp-json\/wp\/v2\/media?parent=8037"}],"curies":[{"name":"wp","href":"https:\/\/api.w.org\/{rel}","templated":true}]}}